{"id":133,"date":"2022-03-30T09:22:16","date_gmt":"2022-03-30T09:22:16","guid":{"rendered":"https:\/\/alealsa.com\/?page_id=133"},"modified":"2022-04-01T09:46:18","modified_gmt":"2022-04-01T09:46:18","slug":"cookies-policy","status":"publish","type":"page","link":"https:\/\/alealsa.com\/en\/cookies-policy\/","title":{"rendered":"Cookies Policy"},"content":{"rendered":"\n<p>Informamos que esta p\u00e1gina web utiliza cookies. Una cookies es una peque\u00f1a cantidad de informaci\u00f3n que se almacena por una p\u00e1gina web en el ordenador de un usuario. Las cookies se utilizan porque las p\u00e1ginas web no tienen memoria. A un usuario que va de una p\u00e1gina a otra en una p\u00e1gina web no se le reconoce como el mismo usuario. Las cookies permiten que la p\u00e1gina web reconozca el navegador del usuario. Por lo tanto, las cookies se utilizan generalmente para recordar las opciones que el usuario ha escogido (por ejemplo, recordar el idioma que utiliza) o para reconocer a usuarios que frecuentan la p\u00e1gina web. Si continuas sin modificar su configuraci\u00f3n entenderemos que est\u00e1s de acuerdo con ellas.<\/p>\n\n\n\n<p>Las cookies pueden ser \u201cde sesi\u00f3n\u201d o permanentes. Las de sesi\u00f3n permiten identificar al usuario durante la sesi\u00f3n en directo, lo que significa que las cookies son memorizadas y \u00fanicamente tienen validez el tiempo que dure una sesi\u00f3n activa, esto es, durante su visita a la web. Estas cookies no graban de forma permanente ninguna informaci\u00f3n en el disco duro de su ordenador y expiran al final de la sesi\u00f3n.<\/p>\n\n\n\n<p><strong>Nuestra p\u00e1gina web utiliza 3 tipos de cookies:<\/strong><\/p>\n\n\n\n<ul class=\"wp-block-list\"><li>Cookies t\u00e9cnicas: Utilizamos cookies t\u00e9cnicas para mostrar nuestra p\u00e1gina web, hacer que funcione correctamente, crear tu cuenta de usuario, iniciar tu sesi\u00f3n y gestionar tus reservas. Estas cookies t\u00e9cnicas son necesarias para que nuestra p\u00e1gina web funcione correctamente.<\/li><li>Cookies funcionales: Tambi\u00e9n utilizamos cookies funcionales para recordar tus preferencias y para ayudarte a utilizar nuestra p\u00e1gina web de forma eficiente y efectiva, como recordar tu moneda e idioma favoritos, tus b\u00fasquedas y los establecimientos que has consultado. Estas cookies funcionales no son necesarias para el funcionamiento de nuestra p\u00e1gina web, pero le a\u00f1aden funcionalidad para mejorar la experiencia del usuario.<\/li><li>Utilizamos cookies anal\u00edticas para entender c\u00f3mo utilizan la p\u00e1gina web nuestros usuarios, detectar qu\u00e9 funciona y qu\u00e9 no, optimizar y mejorar la p\u00e1gina web y asegurarnos de que nuestros usuarios siguen considerando nuestra p\u00e1gina web interesante y relevante. La informaci\u00f3n que recogemos incluye las p\u00e1ginas web visitadas, p\u00e1ginas de referencia\/salida, tipo de plataforma, informaci\u00f3n de fecha\/hora y datos como el n\u00famero de clics (de rat\u00f3n) en una p\u00e1gina determinada,&nbsp; movimientos de rat\u00f3n, desplazamiento y las palabras (de b\u00fasqueda) que utilizas y el texto que escribes cuando utilizas nuestras p\u00e1gina web. Esta informaci\u00f3n es an\u00f3nima, ya que solo la necesitamos para fines estad\u00edsticos.<\/li><\/ul>\n\n\n\n<p>En la web en general, las cookies \u00fanicamente recaban determinada informaci\u00f3n del usuario (esto es, tipo de navegador de Internet del usuario, sistema operativo del usuario y la direcci\u00f3n IP desde la que se accede a nuestra web para facilitar la navegaci\u00f3n por nuestra web).<\/p>\n\n\n\n<p>En general, las cookies que empleamos se asocian \u00fanicamente con un usuario an\u00f3nimo y su ordenador y no proporcionan referencias que permitan deducir el nombre y apellidos del usuario. Respecto de los procesos de compra online en particular, se asociar\u00e1 a los datos introducidos por el usuario durante el proceso de compra a su identificador de sesi\u00f3n para las conciliaciones bancarias y acreditar la contrataci\u00f3n.<\/p>\n\n\n\n<p>Si vas a la configuraci\u00f3n de tu navegador (ej. Internet Explorer, Safari, Firefox, Chrome) puedes configurar qu\u00e9 cookies quieres aceptar o rechazar. Dependiendo del navegador, la configuraci\u00f3n de las cookies estar\u00e1 en un lugar u otro. Podr\u00e1s localizarla si usas la funci\u00f3n \u201cAyuda\u201d de tu navegador. Puedes tambi\u00e9n configurar su navegador para aceptar o rechazar por defecto todas las cookies o para recibir un aviso en pantalla de la recepci\u00f3n de cada cookie y decidir en ese momento su implantaci\u00f3n o no en su disco duro.<\/p>\n\n\n\n<p>Ten en cuenta que si no aceptas nuestras cookies, no podr\u00e1s usar el acceso para clientes, ni la extranet de clientes, ni la personalizaci\u00f3n del tama\u00f1o de fuente.<\/p>\n\n\n\n<h2 class=\"wp-block-heading\">NAVEGAR SIN COOKIES<\/h2>\n\n\n\n<p>El usuario siempre podr\u00e1 personalizar el uso de \u201ccookies\u201d, as\u00ed como impedir la recopilaci\u00f3n de \u201ccookies\u201d modificando las opciones del navegador del propio usuario, entre los m\u00e1s comunes:<\/p>\n\n\n\n<ul class=\"wp-block-list\"><li>Firefox: OpcionesPrivacidadRastreodecir a los sitios web que no deseo ser rastreado<\/li><li>Chrome: Men\u00fa de ChromeConfiguraci\u00f3nMostrar opciones avanzadasPrivacidadConfiguraci\u00f3n del contenidoCookies loquear cookies de forma predeterminada<\/li><li>Safari: Preferencias PrivacidadBloquear Cookies<\/li><li>Explorer: HerramientasOpciones de InternetPrivacidadConfiguraci\u00f3n mueva el control deslizante totalmente hacia arriba para bloquear todas las cookies o totalmente hacia abajo para permitir todas las cookies y, a continuaci\u00f3n, haga clic en Aceptar.<\/li><\/ul>\n\n\n\n<p>Al bloquear completamente las \u201ccookies\u201d, puede impedir que ciertos sitios web se muestren correctamente.<\/p>\n\n\n\n<div style=\"height:55px\" aria-hidden=\"true\" class=\"wp-block-spacer\"><\/div>\n\n\n\n<p>La siguiente lista detalla las cookies utilizadas en nuestro sitio web:<\/p><table class=\"cookielawinfo-row-cat-table cookielawinfo-classic\"><thead><tr><th class=\"cookielawinfo-column-1\">Cookie<\/th><th class=\"cookielawinfo-column-3\">Duration<\/th><th class=\"cookielawinfo-column-4\">Description<\/th><\/tr><\/thead><tbody><tr class=\"cookielawinfo-row\"><td class=\"cookielawinfo-column-1\">cookielawinfo-checkbox-analytics<\/td><td class=\"cookielawinfo-column-3\">11 months<\/td><td class=\"cookielawinfo-column-4\">This cookie is set by GDPR Cookie Consent plugin. The cookie is used to store the user consent for the cookies in the category \"Analytics\".<\/td><\/tr><tr class=\"cookielawinfo-row\"><td class=\"cookielawinfo-column-1\">cookielawinfo-checkbox-functional<\/td><td class=\"cookielawinfo-column-3\">11 months<\/td><td class=\"cookielawinfo-column-4\">The cookie is set by GDPR cookie consent to record the user consent for the cookies in the category \"Functional\".<\/td><\/tr><tr class=\"cookielawinfo-row\"><td class=\"cookielawinfo-column-1\">cookielawinfo-checkbox-necessary<\/td><td class=\"cookielawinfo-column-3\">11 months<\/td><td class=\"cookielawinfo-column-4\">This cookie is set by GDPR Cookie Consent plugin. The cookies is used to store the user consent for the cookies in the category \"Necessary\".<\/td><\/tr><tr class=\"cookielawinfo-row\"><td class=\"cookielawinfo-column-1\">cookielawinfo-checkbox-others<\/td><td class=\"cookielawinfo-column-3\">11 months<\/td><td class=\"cookielawinfo-column-4\">This cookie is set by GDPR Cookie Consent plugin. The cookie is used to store the user consent for the cookies in the category \"Other.<\/td><\/tr><tr class=\"cookielawinfo-row\"><td class=\"cookielawinfo-column-1\">cookielawinfo-checkbox-performance<\/td><td class=\"cookielawinfo-column-3\">11 months<\/td><td class=\"cookielawinfo-column-4\">This cookie is set by GDPR Cookie Consent plugin. The cookie is used to store the user consent for the cookies in the category \"Performance\".<\/td><\/tr><tr class=\"cookielawinfo-row\"><td class=\"cookielawinfo-column-1\">viewed_cookie_policy<\/td><td class=\"cookielawinfo-column-3\">11 months<\/td><td class=\"cookielawinfo-column-4\">The cookie is set by the GDPR Cookie Consent plugin and is used to store whether or not user has consented to the use of cookies. It does not store any personal data.<\/td><\/tr><\/tbody><\/table>\n\n\n\n<div style=\"height:55px\" aria-hidden=\"true\" class=\"wp-block-spacer\"><\/div>\n\n\n\n<h2 class=\"wp-block-heading\" id=\"como-puedo-gestionar-las-preferencias-de-las-cookies\">\u00bfC\u00f3mo puedo gestionar las preferencias de las cookies?<\/h2>\n\n\n\n<p>Si decides cambiar tus preferencias m\u00e1s adelante, puedes hacer clic en el enlace &#8220;Gestiona tu consentimiento&#8221;. Esto mostrar\u00e1 el aviso de consentimiento nuevamente, lo que le permitir\u00e1 cambiar tus preferencias o retirar tu consentimiento por completo.<\/p>\n\n\n\n<div class=\"cli_user_consent_state\">Your current state: No consent given. <a class=\"cli_manage_current_consent\" style=\"cursor:pointer;text-decoration:underline;\">Manage your consent.<\/a> <\/div>\n","protected":false},"excerpt":{"rendered":"<p>Informamos que esta p\u00e1gina web utiliza cookies. Una cookies es una peque\u00f1a cantidad de informaci\u00f3n que se almacena por una p\u00e1gina web en el ordenador de un usuario. Las cookies se utilizan porque las p\u00e1ginas web no tienen memoria. A un usuario que va de una p\u00e1gina a otra en una p\u00e1gina web no se [&hellip;]<\/p>\n","protected":false},"author":1,"featured_media":0,"parent":0,"menu_order":0,"comment_status":"closed","ping_status":"closed","template":"","meta":{"footnotes":""},"class_list":["post-133","page","type-page","status-publish","hentry"],"acf":[],"_links":{"self":[{"href":"https:\/\/alealsa.com\/en\/wp-json\/wp\/v2\/pages\/133","targetHints":{"allow":["GET"]}}],"collection":[{"href":"https:\/\/alealsa.com\/en\/wp-json\/wp\/v2\/pages"}],"about":[{"href":"https:\/\/alealsa.com\/en\/wp-json\/wp\/v2\/types\/page"}],"author":[{"embeddable":true,"href":"https:\/\/alealsa.com\/en\/wp-json\/wp\/v2\/users\/1"}],"replies":[{"embeddable":true,"href":"https:\/\/alealsa.com\/en\/wp-json\/wp\/v2\/comments?post=133"}],"version-history":[{"count":2,"href":"https:\/\/alealsa.com\/en\/wp-json\/wp\/v2\/pages\/133\/revisions"}],"predecessor-version":[{"id":143,"href":"https:\/\/alealsa.com\/en\/wp-json\/wp\/v2\/pages\/133\/revisions\/143"}],"wp:attachment":[{"href":"https:\/\/alealsa.com\/en\/wp-json\/wp\/v2\/media?parent=133"}],"curies":[{"name":"wp","href":"https:\/\/api.w.org\/{rel}","templated":true}]}}