{"id":131,"date":"2022-03-30T09:11:38","date_gmt":"2022-03-30T09:11:38","guid":{"rendered":"https:\/\/alealsa.com\/?page_id=131"},"modified":"2022-04-12T15:33:46","modified_gmt":"2022-04-12T15:33:46","slug":"legal-advice","status":"publish","type":"page","link":"https:\/\/alealsa.com\/en\/legal-advice\/","title":{"rendered":"Legal Advice"},"content":{"rendered":"\n<h2 class=\"wp-block-heading\">Informaci\u00f3n general<\/h2>\n\n\n\n<p>El presente sitio web, es titularidad de la\u00a0Aleaciones Alavesas, S.A., en adelante\u00a0ALEALSA, inscrita en el registro mercantil con CIF. A-01021930<\/p>\n\n\n\n<p>Al usar este sitio web, as\u00ed como cualesquiera subdominios, microsites y\/o subapartados contenidos en este, se entender\u00e1 que usted ha le\u00eddo, entendido y aceptado, sin limitaci\u00f3n ni reserva alguna, las condiciones de uso recogidas en este Aviso Legal as\u00ed como la Pol\u00edtica de Privacidad que est\u00e1 a su disposici\u00f3n en este mismo sitio web y cuya lectura le recomendamos expresamente, constituyendo el uso del mismo la expresa y plena aceptaci\u00f3n tanto del Aviso Legal como Pol\u00edtica de Privacidad en la versi\u00f3n que se encuentre publicada en el momento de acceso, sin perjuicio de las condiciones o t\u00e9rminos de uso espec\u00edficos que pudieran aplicarse respecto algunos servicios concretos del sitio web, cuya aceptaci\u00f3n previa, ser\u00e1 requisito indispensable para acceder a dichos servicios.<\/p>\n\n\n\n<p>Si no est\u00e1 conforme con los t\u00e9rminos de este Aviso Legal, rogamos no haga uso del sitio web, porque el uso del mismo, reiteramos, implicar\u00e1 la aceptaci\u00f3n de los t\u00e9rminos legales recogidos tanto en el Aviso Legal como en la Pol\u00edtica de Privacidad.<\/p>\n\n\n\n<p>ALEALSA&nbsp;se reserva el derecho de modificar los t\u00e9rminos y condiciones que aparecen en este sitio web as\u00ed como ampliar contenidos, informaciones, etc, en cualquier momento y sin previo aviso y, por tanto, aconseja su consulta con una periodicidad razonable por si se producen cambios en los mismos.<\/p>\n\n\n\n<h2 class=\"wp-block-heading\"><strong>Idioma<\/strong><\/h2>\n\n\n\n<p>En caso de que traduzcamos este Aviso Legal, nuestra Pol\u00edtica de privacidad, o cualesquiera otras normas de uso, pol\u00edticas y procedimientos que pudieran publicarse cada cierto tiempo en este sitio web, si existe discrepancia entre la versi\u00f3n en espa\u00f1ol y una versi\u00f3n traducida, prevalecer\u00e1 la versi\u00f3n en espa\u00f1ol.<\/p>\n\n\n\n<h2 class=\"wp-block-heading\"><strong>Comunicaciones comerciales y contenidos publicitarios<\/strong><\/h2>\n\n\n\n<p>ALEALSA&nbsp;informa a los usuarios que conforme a la Ley 34\/2002, de 11 de julio, de Servicios de la Sociedad de la Informaci\u00f3n y de Comercio Electr\u00f3nico, proceder\u00e1 a enviarle informaci\u00f3n por e-mail sobre los productos, servicios y actividades de la empresa. Si no desea recibir comunicaciones electr\u00f3nicas sobre nuestros productos, servicios y actividades rogamos nos remita un e-mail en tal sentido (ver contacto web).<\/p>\n\n\n\n<h2 class=\"wp-block-heading\"><strong>Derechos de propiedad intelectual y\/o industria<\/strong><\/h2>\n\n\n\n<p>El titular del contenido y de los elementos que conforman el presente sitio web es&nbsp;ALEALSA&nbsp;perteneci\u00e9ndole en consecuencia la propiedad intelectual e industrial del mismo y en particular de todos los c\u00f3digos fuente, textos, im\u00e1genes, dise\u00f1o, logos, programas inform\u00e1ticos, animaciones, bases de datos, marcas, nombre comercial o signo distintivo, sonidos y dem\u00e1s elementos gr\u00e1ficos o sonoros de las p\u00e1ginas del sitio web. Esta enumeraci\u00f3n no constituye un listado cerrado sino ejemplificativo y dichos elementos se encuentran debidamente protegidos de conformidad con la normativa espa\u00f1ola e internacional sobre Propiedad Intelectual e Industrial.<\/p>\n\n\n\n<p>Se proh\u00edbe la utilizaci\u00f3n del contenido del sitio web, y su distribuci\u00f3n, modificaci\u00f3n, cesi\u00f3n a terceros, as\u00ed como la reproducci\u00f3n, transformaci\u00f3n o comunicaci\u00f3n p\u00fablica, mediante cualquier medio y tecnolog\u00eda, requiri\u00e9ndose para ello el consentimiento previo y expreso de&nbsp;ALEALSA, constituyendo cualquier actuaci\u00f3n contraria al presente texto una vulneraci\u00f3n de la normativa en materia de derechos de propiedad industrial e intelectual.<\/p>\n\n\n\n<p>Se permite no obstante, la utilizaci\u00f3n de este sitio web siempre y cuando se respete la integridad del mismo y se identifiquen que la fuente originaria ha sido el presente sitio web perteneciente a&nbsp;ALEALSA, quedando prohibido de manera expresa cualquier tipo de utilizaci\u00f3n sesgada y contraria a su naturaleza.<\/p>\n\n\n\n<p>ALEALSA&nbsp;se reserva el ejercicio de las acciones legales oportunas en defensa de sus derechos.<\/p>\n\n\n\n<h2 class=\"wp-block-heading\"><strong>Responsabilidad<\/strong><\/h2>\n\n\n\n<p>El inter\u00e9s de&nbsp;ALEALSA&nbsp;es el de que este sitio web funcione con la m\u00e1xima eficacia y cumpla la finalidad para la que ha sido creado pero no se responsabiliza de los eventuales errores tipogr\u00e1ficos, formales o num\u00e9ricos que pueda contener el sitio web, ni de la exactitud de la informaci\u00f3n contenida en \u00e9l, ni de posibles disfunciones o anomal\u00edas en &nbsp;su funcionamiento.<\/p>\n\n\n\n<p>ALEALSA&nbsp;no garantiza que el sitio web y el servidor est\u00e9n libres de virus y no se hace responsable de los da\u00f1os causados por el acceso al sitio web o por la imposibilidad de acceder al mismo.<\/p>\n\n\n\n<p>ALEALSA&nbsp;se reserva el derecho de modificar los t\u00e9rminos y condiciones que aparecen en este sitio web as\u00ed como ampliar contenidos, informaciones, etc, en cualquier momento y sin previo aviso y, por tanto, aconseja su consulta con una periodicidad razonable por si se producen cambios en los mismos. Vd. deber\u00e1 leer y los nuevos avisos legales y condiciones de uso del sitio web que se pudieran incorporar. En caso contrario, deber\u00e1 abstenerse de su utilizaci\u00f3n y acceso, declinando toda responsabilidad&nbsp;ALEALSA&nbsp;que se reserva el derecho de suspender y terminar el acceso a los contenidos del sitio web, as\u00ed como&nbsp; de los servicios prestados desde el mismo.<\/p>\n\n\n\n<h2 class=\"wp-block-heading\"><strong>Links e hiperenlaces<\/strong><\/h2>\n\n\n\n<p>Los sitios web propiedad de&nbsp;ALEALSA&nbsp;pueden facilitar el enlace o el acceso a otros recursos o sitios web de terceros, que consideramos puedan ser de su inter\u00e9s o son necesarios para la prestaci\u00f3n de algunos de los servicios de nuestros sitios web, pero en ning\u00fan caso dichos sitios web son controlados por nosotros.<\/p>\n\n\n\n<p>El objetivo de dichos enlaces puede ser, facilitar la b\u00fasqueda de los recursos que le puedan interesar a trav\u00e9s de Internet. No obstante, dichas p\u00e1ginas no le pertenecen a&nbsp;ALEALSA, ni hace una revisi\u00f3n de sus contenidos y, por ello, no puede hacerse responsable de los mismos, ni de los &nbsp;servicios en su caso prestados, que aparezcan y\/o est\u00e9n disponibles en dichos sitios, del funcionamiento de la p\u00e1gina enlazada, del uso y tratamiento de datos que \u00e9stas puedan hacer, de las posibles infracciones que, en su caso, puedan cometer o de los posibles da\u00f1os que puedan derivarse del acceso o uso de la misma, no implicando la existencia del enlace relaci\u00f3n alguna entre la&nbsp;ALEALSA&nbsp;y las personas o entidades titulares de tales contenidos o de los sitios donde se encuentren.<\/p>\n\n\n\n<p>Recomendamos encarecidamente leer los correspondientes avisos legales y, muy especialmente, las pol\u00edticas de privacidad de dichas p\u00e1ginas antes de introducir sus datos personales en las mismas y en caso de duda le recomendamos que se ponga en contacto directamente con dichos sitios para obtener m\u00e1s informaci\u00f3n sobre sus pol\u00edticas de privacidad.<\/p>\n\n\n\n<p>Al utilizar este sitio web, consideramos que el usuario ha le\u00eddo este documento cuidadosamente y que ha entendido y seguido sus consejos. En caso de que el usuario no est\u00e9 de acuerdo con esta pol\u00edtica de protecci\u00f3n de datos o con los consejos que a trav\u00e9s de la misma se dan, por favor no utilice nuestra p\u00e1gina web.<\/p>\n\n\n\n<h2 class=\"wp-block-heading\"><strong>Jurisdicci\u00f3n y competencia<\/strong><\/h2>\n\n\n\n<p>En el supuesto de conflicto o disputa respecto a la interpretaci\u00f3n de las presentes condiciones, as\u00ed como sobre cualquier extremo relacionado con los servicios del presente Sitio Web la Jurisdicci\u00f3n y Normativa&nbsp; aplicable ser\u00e1 la espa\u00f1ola, mientras que los Tribunales competentes ser\u00e1n los de Vitoria-Gasteiz.<\/p>\n","protected":false},"excerpt":{"rendered":"<p>Informaci\u00f3n general El presente sitio web, es titularidad de la\u00a0Aleaciones Alavesas, S.A., en adelante\u00a0ALEALSA, inscrita en el registro mercantil con CIF. A-01021930 Al usar este sitio web, as\u00ed como cualesquiera subdominios, microsites y\/o subapartados contenidos en este, se entender\u00e1 que usted ha le\u00eddo, entendido y aceptado, sin limitaci\u00f3n ni reserva alguna, las condiciones de uso [&hellip;]<\/p>\n","protected":false},"author":1,"featured_media":0,"parent":0,"menu_order":0,"comment_status":"closed","ping_status":"closed","template":"","meta":{"footnotes":""},"class_list":["post-131","page","type-page","status-publish","hentry"],"acf":[],"_links":{"self":[{"href":"https:\/\/alealsa.com\/en\/wp-json\/wp\/v2\/pages\/131","targetHints":{"allow":["GET"]}}],"collection":[{"href":"https:\/\/alealsa.com\/en\/wp-json\/wp\/v2\/pages"}],"about":[{"href":"https:\/\/alealsa.com\/en\/wp-json\/wp\/v2\/types\/page"}],"author":[{"embeddable":true,"href":"https:\/\/alealsa.com\/en\/wp-json\/wp\/v2\/users\/1"}],"replies":[{"embeddable":true,"href":"https:\/\/alealsa.com\/en\/wp-json\/wp\/v2\/comments?post=131"}],"version-history":[{"count":2,"href":"https:\/\/alealsa.com\/en\/wp-json\/wp\/v2\/pages\/131\/revisions"}],"predecessor-version":[{"id":251,"href":"https:\/\/alealsa.com\/en\/wp-json\/wp\/v2\/pages\/131\/revisions\/251"}],"wp:attachment":[{"href":"https:\/\/alealsa.com\/en\/wp-json\/wp\/v2\/media?parent=131"}],"curies":[{"name":"wp","href":"https:\/\/api.w.org\/{rel}","templated":true}]}}